{"id":391,"date":"2019-02-15T12:13:59","date_gmt":"2019-02-15T11:13:59","guid":{"rendered":"https:\/\/markamedia.at\/symetra\/?page_id=391"},"modified":"2025-10-11T14:55:11","modified_gmt":"2025-10-11T12:55:11","slug":"startseite","status":"publish","type":"page","link":"https:\/\/frostmed.at\/tr\/","title":{"rendered":"Anasayfa"},"content":{"rendered":"<div data-elementor-type=\"wp-post\" data-elementor-id=\"391\" class=\"elementor elementor-391\">\n\t\t\t\t\t\t<section class=\"elementor-section elementor-top-section elementor-element elementor-element-2eec43f elementor-section-boxed elementor-section-height-default elementor-section-height-default\" data-id=\"2eec43f\" data-element_type=\"section\" data-e-type=\"section\">\n\t\t\t\t\t\t<div class=\"elementor-container elementor-column-gap-extended\">\n\t\t\t\t\t<div class=\"elementor-column elementor-col-100 elementor-top-column elementor-element elementor-element-5605259 sc_inner_width_none sc_layouts_column_icons_position_left\" data-id=\"5605259\" data-element_type=\"column\" data-e-type=\"column\">\n\t\t\t<div class=\"elementor-widget-wrap elementor-element-populated\">\n\t\t\t\t\t\t<div class=\"elementor-element elementor-element-dafa575 ep-mouse-interaction-yes bdt-navigation-type-none bdt-ep-shadow-mode-yes bdt-global-link-yes bdt-carousel-style-carousel sc_fly_static elementor-widget elementor-widget-bdt-panel-slider\" data-id=\"dafa575\" data-element_type=\"widget\" data-e-type=\"widget\" data-settings=\"{&quot;columns&quot;:&quot;5&quot;,&quot;columns_tablet&quot;:&quot;2&quot;,&quot;columns_mobile&quot;:&quot;1&quot;}\" data-widget_type=\"bdt-panel-slider.always-visible\">\n\t\t\t\t<div class=\"elementor-widget-container\">\n\t\t\t\t\t\t\t<div data-settings=\"{&quot;autoplay&quot;:{&quot;delay&quot;:5000},&quot;speed&quot;:500,&quot;slidesPerView&quot;:1,&quot;slidesPerGroup&quot;:1,&quot;effect&quot;:&quot;carousel&quot;,&quot;breakpoints&quot;:{&quot;767&quot;:{&quot;slidesPerView&quot;:2,&quot;spaceBetween&quot;:0,&quot;slidesPerGroup&quot;:1},&quot;1023&quot;:{&quot;slidesPerView&quot;:5,&quot;spaceBetween&quot;:4,&quot;slidesPerGroup&quot;:1}},&quot;navigation&quot;:{&quot;nextEl&quot;:&quot;#bdt-panel-slider-dafa575 .bdt-navigation-next&quot;,&quot;prevEl&quot;:&quot;#bdt-panel-slider-dafa575 .bdt-navigation-prev&quot;},&quot;pagination&quot;:{&quot;el&quot;:&quot;#bdt-panel-slider-dafa575 .swiper-pagination&quot;,&quot;type&quot;:&quot;&quot;,&quot;clickable&quot;:&quot;true&quot;,&quot;dynamicBullets&quot;:false},&quot;scrollbar&quot;:{&quot;el&quot;:&quot;#bdt-panel-slider-dafa575 .swiper-scrollbar&quot;,&quot;hide&quot;:&quot;true&quot;},&quot;coverflowEffect&quot;:{&quot;rotate&quot;:50,&quot;stretch&quot;:0,&quot;depth&quot;:100,&quot;modifier&quot;:1,&quot;slideShadows&quot;:true}}\" class=\"bdt-panel-slider bdt-text-on-always\" id=\"bdt-panel-slider-dafa575\" data-widget-settings=\"{&quot;id&quot;:&quot;#bdt-panel-slider-dafa575&quot;,&quot;mouseInteractivity&quot;:true}\">\n\t\t\t<div class=\"swiper-carousel swiper\">\n\t\t\t\t<div class=\"swiper-wrapper\">\n\t\t\t\t\t\n\t\t\t\t\t\t\t\t\t\t\t<div class=\"bdt-panel-slide-item swiper-slide bdt-transition-toggle\" onclick=\"window.open(&#039;https:\/\/frostmed.at\/torten\/&#039;, &#039;_self&#039;)\">\n\n\t\t\t\t\t\t\t<div class=\"bdt-panel-slide-thumb-wrapper\">\n\t\t\t\t\t\t\t\t<div class=\"bdt-panel-slide-thumb bdt-background-cover\" data-depth=\"0.2\"\n\t\t\t\t\t\t\t\t\tstyle=\"background-image: url(https:\/\/frostmed.at\/wp-content\/uploads\/2025\/05\/DUBAI_TORTE_SLIDE.png);\"><\/div>\n\t\t\t\t\t\t\t<\/div>\n\t\t\t\t\t\t\t<div class=\"bdt-panel-slide-desc bdt-position-bottom-left bdt-position-z-index\">\n\n\t\t\t\t\t\t\t\t\t\t\t\t\t\t\t\t\t<h1\t\t\t\t\t\t\t\t\t\tclass=\"bdt-panel-slide-title bdt-transition-slide-bottom\">\n\t\t\t\t\t\t\t\t\t\tPastalar\t\t\t\t\t\t\t\t\t<\/h1>\n\t\t\t\t\t\t\t\t\n\t\t\t\t\t\t\t\t\n\t\t\t\t\t\t\t\t\t\t\t\t\t\t\t\t\t\n\t\t\t\t\t\t\t\t\n\t\t\t\t\t\t\t<\/div>\n\n\t\t\t\t\t\t\t\t\t\t\t\t\t\t\t<div class=\"bdt-transition-fade bdt-position-cover bdt-overlay bdt-overlay-gradient\"><\/div>\n\t\t\t\t\t\t\t\t\t\t\t\t\t<\/div>\n\t\t\t\t\t\t\t\t\t\t\t\t<div class=\"bdt-panel-slide-item swiper-slide bdt-transition-toggle\" onclick=\"window.open(&#039;\/cheesecake\/&#039;, &#039;_self&#039;)\">\n\n\t\t\t\t\t\t\t<div class=\"bdt-panel-slide-thumb-wrapper\">\n\t\t\t\t\t\t\t\t<div class=\"bdt-panel-slide-thumb bdt-background-cover\" data-depth=\"0.2\"\n\t\t\t\t\t\t\t\t\tstyle=\"background-image: url(https:\/\/frostmed.at\/wp-content\/uploads\/2023\/02\/Cheesecake.jpg);\"><\/div>\n\t\t\t\t\t\t\t<\/div>\n\t\t\t\t\t\t\t<div class=\"bdt-panel-slide-desc bdt-position-bottom-left bdt-position-z-index\">\n\n\t\t\t\t\t\t\t\t\t\t\t\t\t\t\t\t\t<h1\t\t\t\t\t\t\t\t\t\tclass=\"bdt-panel-slide-title bdt-transition-slide-bottom\">\n\t\t\t\t\t\t\t\t\t\tCheesecake\t\t\t\t\t\t\t\t\t<\/h1>\n\t\t\t\t\t\t\t\t\n\t\t\t\t\t\t\t\t\n\t\t\t\t\t\t\t\t\t\t\t\t\t\t\t\t\t\n\t\t\t\t\t\t\t\t\n\t\t\t\t\t\t\t<\/div>\n\n\t\t\t\t\t\t\t\t\t\t\t\t\t\t\t<div class=\"bdt-transition-fade bdt-position-cover bdt-overlay bdt-overlay-gradient\"><\/div>\n\t\t\t\t\t\t\t\t\t\t\t\t\t<\/div>\n\t\t\t\t\t\t\t\t\t\t\t\t<div class=\"bdt-panel-slide-item swiper-slide bdt-transition-toggle\" onclick=\"window.open(&#039;\/mono-torten\/&#039;, &#039;_self&#039;)\">\n\n\t\t\t\t\t\t\t<div class=\"bdt-panel-slide-thumb-wrapper\">\n\t\t\t\t\t\t\t\t<div class=\"bdt-panel-slide-thumb bdt-background-cover\" data-depth=\"0.2\"\n\t\t\t\t\t\t\t\t\tstyle=\"background-image: url(https:\/\/frostmed.at\/wp-content\/uploads\/2025\/10\/Monotorten_1.jpg);\"><\/div>\n\t\t\t\t\t\t\t<\/div>\n\t\t\t\t\t\t\t<div class=\"bdt-panel-slide-desc bdt-position-bottom-left bdt-position-z-index\">\n\n\t\t\t\t\t\t\t\t\t\t\t\t\t\t\t\t\t<h1\t\t\t\t\t\t\t\t\t\tclass=\"bdt-panel-slide-title bdt-transition-slide-bottom\">\n\t\t\t\t\t\t\t\t\t\tMono Pasta\t\t\t\t\t\t\t\t\t<\/h1>\n\t\t\t\t\t\t\t\t\n\t\t\t\t\t\t\t\t\n\t\t\t\t\t\t\t\t\t\t\t\t\t\t\t\t\t\n\t\t\t\t\t\t\t\t\n\t\t\t\t\t\t\t<\/div>\n\n\t\t\t\t\t\t\t\t\t\t\t\t\t\t\t<div class=\"bdt-transition-fade bdt-position-cover bdt-overlay bdt-overlay-gradient\"><\/div>\n\t\t\t\t\t\t\t\t\t\t\t\t\t<\/div>\n\t\t\t\t\t\t\t\t\t\t\t\t<div class=\"bdt-panel-slide-item swiper-slide bdt-transition-toggle\" onclick=\"window.open(&#039;#&#039;, &#039;_self&#039;)\">\n\n\t\t\t\t\t\t\t<div class=\"bdt-panel-slide-thumb-wrapper\">\n\t\t\t\t\t\t\t\t<div class=\"bdt-panel-slide-thumb bdt-background-cover\" data-depth=\"0.2\"\n\t\t\t\t\t\t\t\t\tstyle=\"background-image: url(https:\/\/frostmed.at\/wp-content\/uploads\/2025\/10\/Lotus_Mono.jpg);\"><\/div>\n\t\t\t\t\t\t\t<\/div>\n\t\t\t\t\t\t\t<div class=\"bdt-panel-slide-desc bdt-position-bottom-left bdt-position-z-index\">\n\n\t\t\t\t\t\t\t\t\t\t\t\t\t\t\t\t\t<h1\t\t\t\t\t\t\t\t\t\tclass=\"bdt-panel-slide-title bdt-transition-slide-bottom\">\n\t\t\t\t\t\t\t\t\t\tCup\t\t\t\t\t\t\t\t\t<\/h1>\n\t\t\t\t\t\t\t\t\n\t\t\t\t\t\t\t\t\n\t\t\t\t\t\t\t\t\t\t\t\t\t\t\t\t\t\n\t\t\t\t\t\t\t\t\n\t\t\t\t\t\t\t<\/div>\n\n\t\t\t\t\t\t\t\t\t\t\t\t\t\t\t<div class=\"bdt-transition-fade bdt-position-cover bdt-overlay bdt-overlay-gradient\"><\/div>\n\t\t\t\t\t\t\t\t\t\t\t\t\t<\/div>\n\t\t\t\t\t\t\t\t\t\t\t\t<div class=\"bdt-panel-slide-item swiper-slide bdt-transition-toggle\" onclick=\"window.open(&#039;\/milchkuechen\/&#039;, &#039;_self&#039;)\">\n\n\t\t\t\t\t\t\t<div class=\"bdt-panel-slide-thumb-wrapper\">\n\t\t\t\t\t\t\t\t<div class=\"bdt-panel-slide-thumb bdt-background-cover\" data-depth=\"0.2\"\n\t\t\t\t\t\t\t\t\tstyle=\"background-image: url(https:\/\/frostmed.at\/wp-content\/uploads\/2023\/02\/Milchkuchen.jpg);\"><\/div>\n\t\t\t\t\t\t\t<\/div>\n\t\t\t\t\t\t\t<div class=\"bdt-panel-slide-desc bdt-position-bottom-left bdt-position-z-index\">\n\n\t\t\t\t\t\t\t\t\t\t\t\t\t\t\t\t\t<h1\t\t\t\t\t\t\t\t\t\tclass=\"bdt-panel-slide-title bdt-transition-slide-bottom\">\n\t\t\t\t\t\t\t\t\t\tS\u00fctl\u00fc Tatl\u0131\t\t\t\t\t\t\t\t\t<\/h1>\n\t\t\t\t\t\t\t\t\n\t\t\t\t\t\t\t\t\n\t\t\t\t\t\t\t\t\t\t\t\t\t\t\t\t\t\n\t\t\t\t\t\t\t\t\n\t\t\t\t\t\t\t<\/div>\n\n\t\t\t\t\t\t\t\t\t\t\t\t\t\t\t<div class=\"bdt-transition-fade bdt-position-cover bdt-overlay bdt-overlay-gradient\"><\/div>\n\t\t\t\t\t\t\t\t\t\t\t\t\t<\/div>\n\t\t\t\t\t\t\t\t\t\t\t\t<div class=\"bdt-panel-slide-item swiper-slide bdt-transition-toggle\" onclick=\"window.open(&#039;#&#039;, &#039;_self&#039;)\">\n\n\t\t\t\t\t\t\t<div class=\"bdt-panel-slide-thumb-wrapper\">\n\t\t\t\t\t\t\t\t<div class=\"bdt-panel-slide-thumb bdt-background-cover\" data-depth=\"0.2\"\n\t\t\t\t\t\t\t\t\tstyle=\"background-image: url(https:\/\/frostmed.at\/wp-content\/uploads\/2025\/10\/Katmer.jpg);\"><\/div>\n\t\t\t\t\t\t\t<\/div>\n\t\t\t\t\t\t\t<div class=\"bdt-panel-slide-desc bdt-position-bottom-left bdt-position-z-index\">\n\n\t\t\t\t\t\t\t\t\t\t\t\t\t\t\t\t\t<h1\t\t\t\t\t\t\t\t\t\tclass=\"bdt-panel-slide-title bdt-transition-slide-bottom\">\n\t\t\t\t\t\t\t\t\t\tKatmer\t\t\t\t\t\t\t\t\t<\/h1>\n\t\t\t\t\t\t\t\t\n\t\t\t\t\t\t\t\t\n\t\t\t\t\t\t\t\t\t\t\t\t\t\t\t\t\t\n\t\t\t\t\t\t\t\t\n\t\t\t\t\t\t\t<\/div>\n\n\t\t\t\t\t\t\t\t\t\t\t\t\t\t\t<div class=\"bdt-transition-fade bdt-position-cover bdt-overlay bdt-overlay-gradient\"><\/div>\n\t\t\t\t\t\t\t\t\t\t\t\t\t<\/div>\n\t\t\t\t\t\t\t\t\t\t\t\t<div class=\"bdt-panel-slide-item swiper-slide bdt-transition-toggle\" onclick=\"window.open(&#039;#&#039;, &#039;_self&#039;)\">\n\n\t\t\t\t\t\t\t<div class=\"bdt-panel-slide-thumb-wrapper\">\n\t\t\t\t\t\t\t\t<div class=\"bdt-panel-slide-thumb bdt-background-cover\" data-depth=\"0.2\"\n\t\t\t\t\t\t\t\t\tstyle=\"background-image: url(https:\/\/frostmed.at\/wp-content\/uploads\/2025\/10\/Kunefe_Frostmed.jpg);\"><\/div>\n\t\t\t\t\t\t\t<\/div>\n\t\t\t\t\t\t\t<div class=\"bdt-panel-slide-desc bdt-position-bottom-left bdt-position-z-index\">\n\n\t\t\t\t\t\t\t\t\t\t\t\t\t\t\t\t\t<h1\t\t\t\t\t\t\t\t\t\tclass=\"bdt-panel-slide-title bdt-transition-slide-bottom\">\n\t\t\t\t\t\t\t\t\t\tK\u00fcnefe\t\t\t\t\t\t\t\t\t<\/h1>\n\t\t\t\t\t\t\t\t\n\t\t\t\t\t\t\t\t\n\t\t\t\t\t\t\t\t\t\t\t\t\t\t\t\t\t\n\t\t\t\t\t\t\t\t\n\t\t\t\t\t\t\t<\/div>\n\n\t\t\t\t\t\t\t\t\t\t\t\t\t\t\t<div class=\"bdt-transition-fade bdt-position-cover bdt-overlay bdt-overlay-gradient\"><\/div>\n\t\t\t\t\t\t\t\t\t\t\t\t\t<\/div>\n\t\t\t\t\t\t\t\t\t\t\t\t<div class=\"bdt-panel-slide-item swiper-slide bdt-transition-toggle\" onclick=\"window.open(&#039;\/baklava\/&#039;, &#039;_self&#039;)\">\n\n\t\t\t\t\t\t\t<div class=\"bdt-panel-slide-thumb-wrapper\">\n\t\t\t\t\t\t\t\t<div class=\"bdt-panel-slide-thumb bdt-background-cover\" data-depth=\"0.2\"\n\t\t\t\t\t\t\t\t\tstyle=\"background-image: url(https:\/\/frostmed.at\/wp-content\/uploads\/2023\/02\/Baklava.jpg);\"><\/div>\n\t\t\t\t\t\t\t<\/div>\n\t\t\t\t\t\t\t<div class=\"bdt-panel-slide-desc bdt-position-bottom-left bdt-position-z-index\">\n\n\t\t\t\t\t\t\t\t\t\t\t\t\t\t\t\t\t<h1\t\t\t\t\t\t\t\t\t\tclass=\"bdt-panel-slide-title bdt-transition-slide-bottom\">\n\t\t\t\t\t\t\t\t\t\tBaklava\t\t\t\t\t\t\t\t\t<\/h1>\n\t\t\t\t\t\t\t\t\n\t\t\t\t\t\t\t\t\n\t\t\t\t\t\t\t\t\t\t\t\t\t\t\t\t\t\n\t\t\t\t\t\t\t\t\n\t\t\t\t\t\t\t<\/div>\n\n\t\t\t\t\t\t\t\t\t\t\t\t\t\t\t<div class=\"bdt-transition-fade bdt-position-cover bdt-overlay bdt-overlay-gradient\"><\/div>\n\t\t\t\t\t\t\t\t\t\t\t\t\t<\/div>\n\t\t\t\t\t\t\t\t\t\t\t\t<div class=\"bdt-panel-slide-item swiper-slide bdt-transition-toggle\" onclick=\"window.open(&#039;\/suboerek\/&#039;, &#039;_self&#039;)\">\n\n\t\t\t\t\t\t\t<div class=\"bdt-panel-slide-thumb-wrapper\">\n\t\t\t\t\t\t\t\t<div class=\"bdt-panel-slide-thumb bdt-background-cover\" data-depth=\"0.2\"\n\t\t\t\t\t\t\t\t\tstyle=\"background-image: url(https:\/\/frostmed.at\/wp-content\/uploads\/2023\/03\/Su-borek.jpg);\"><\/div>\n\t\t\t\t\t\t\t<\/div>\n\t\t\t\t\t\t\t<div class=\"bdt-panel-slide-desc bdt-position-bottom-left bdt-position-z-index\">\n\n\t\t\t\t\t\t\t\t\t\t\t\t\t\t\t\t\t<h1\t\t\t\t\t\t\t\t\t\tclass=\"bdt-panel-slide-title bdt-transition-slide-bottom\">\n\t\t\t\t\t\t\t\t\t\tB\u00f6rek\t\t\t\t\t\t\t\t\t<\/h1>\n\t\t\t\t\t\t\t\t\n\t\t\t\t\t\t\t\t\n\t\t\t\t\t\t\t\t\t\t\t\t\t\t\t\t\t\n\t\t\t\t\t\t\t\t\n\t\t\t\t\t\t\t<\/div>\n\n\t\t\t\t\t\t\t\t\t\t\t\t\t\t\t<div class=\"bdt-transition-fade bdt-position-cover bdt-overlay bdt-overlay-gradient\"><\/div>\n\t\t\t\t\t\t\t\t\t\t\t\t\t<\/div>\n\t\t\t\t\t\t\t\t\t\t\t\t<div class=\"bdt-panel-slide-item swiper-slide bdt-transition-toggle\" onclick=\"window.open(&#039;\/simit\/&#039;, &#039;_self&#039;)\">\n\n\t\t\t\t\t\t\t<div class=\"bdt-panel-slide-thumb-wrapper\">\n\t\t\t\t\t\t\t\t<div class=\"bdt-panel-slide-thumb bdt-background-cover\" data-depth=\"0.2\"\n\t\t\t\t\t\t\t\t\tstyle=\"background-image: url(https:\/\/frostmed.at\/wp-content\/uploads\/2023\/02\/Simit.jpg);\"><\/div>\n\t\t\t\t\t\t\t<\/div>\n\t\t\t\t\t\t\t<div class=\"bdt-panel-slide-desc bdt-position-bottom-left bdt-position-z-index\">\n\n\t\t\t\t\t\t\t\t\t\t\t\t\t\t\t\t\t<h1\t\t\t\t\t\t\t\t\t\tclass=\"bdt-panel-slide-title bdt-transition-slide-bottom\">\n\t\t\t\t\t\t\t\t\t\tSimit\t\t\t\t\t\t\t\t\t<\/h1>\n\t\t\t\t\t\t\t\t\n\t\t\t\t\t\t\t\t\n\t\t\t\t\t\t\t\t\t\t\t\t\t\t\t\t\t\n\t\t\t\t\t\t\t\t\n\t\t\t\t\t\t\t<\/div>\n\n\t\t\t\t\t\t\t\t\t\t\t\t\t\t\t<div class=\"bdt-transition-fade bdt-position-cover bdt-overlay bdt-overlay-gradient\"><\/div>\n\t\t\t\t\t\t\t\t\t\t\t\t\t<\/div>\n\t\t\t\t\t\t\t\t\t\t\t\t<div class=\"bdt-panel-slide-item swiper-slide bdt-transition-toggle\" onclick=\"window.open(&#039;\/pogaca\/&#039;, &#039;_self&#039;)\">\n\n\t\t\t\t\t\t\t<div class=\"bdt-panel-slide-thumb-wrapper\">\n\t\t\t\t\t\t\t\t<div class=\"bdt-panel-slide-thumb bdt-background-cover\" data-depth=\"0.2\"\n\t\t\t\t\t\t\t\t\tstyle=\"background-image: url(https:\/\/frostmed.at\/wp-content\/uploads\/2023\/02\/Pogaca.jpg);\"><\/div>\n\t\t\t\t\t\t\t<\/div>\n\t\t\t\t\t\t\t<div class=\"bdt-panel-slide-desc bdt-position-bottom-left bdt-position-z-index\">\n\n\t\t\t\t\t\t\t\t\t\t\t\t\t\t\t\t\t<h1\t\t\t\t\t\t\t\t\t\tclass=\"bdt-panel-slide-title bdt-transition-slide-bottom\">\n\t\t\t\t\t\t\t\t\t\tPo\u011fa\u00e7a\t\t\t\t\t\t\t\t\t<\/h1>\n\t\t\t\t\t\t\t\t\n\t\t\t\t\t\t\t\t\n\t\t\t\t\t\t\t\t\t\t\t\t\t\t\t\t\t\n\t\t\t\t\t\t\t\t\n\t\t\t\t\t\t\t<\/div>\n\n\t\t\t\t\t\t\t\t\t\t\t\t\t\t\t<div class=\"bdt-transition-fade bdt-position-cover bdt-overlay bdt-overlay-gradient\"><\/div>\n\t\t\t\t\t\t\t\t\t\t\t\t\t<\/div>\n\t\t\t\t\t\t\t\t\t\t\t\t<div class=\"bdt-panel-slide-item swiper-slide bdt-transition-toggle\" onclick=\"window.open(&#039;\/acma\/&#039;, &#039;_self&#039;)\">\n\n\t\t\t\t\t\t\t<div class=\"bdt-panel-slide-thumb-wrapper\">\n\t\t\t\t\t\t\t\t<div class=\"bdt-panel-slide-thumb bdt-background-cover\" data-depth=\"0.2\"\n\t\t\t\t\t\t\t\t\tstyle=\"background-image: url(https:\/\/frostmed.at\/wp-content\/uploads\/2023\/02\/Acma.jpg);\"><\/div>\n\t\t\t\t\t\t\t<\/div>\n\t\t\t\t\t\t\t<div class=\"bdt-panel-slide-desc bdt-position-bottom-left bdt-position-z-index\">\n\n\t\t\t\t\t\t\t\t\t\t\t\t\t\t\t\t\t<h1\t\t\t\t\t\t\t\t\t\tclass=\"bdt-panel-slide-title bdt-transition-slide-bottom\">\n\t\t\t\t\t\t\t\t\t\tA\u00e7ma\t\t\t\t\t\t\t\t\t<\/h1>\n\t\t\t\t\t\t\t\t\n\t\t\t\t\t\t\t\t\n\t\t\t\t\t\t\t\t\t\t\t\t\t\t\t\t\t\n\t\t\t\t\t\t\t\t\n\t\t\t\t\t\t\t<\/div>\n\n\t\t\t\t\t\t\t\t\t\t\t\t\t\t\t<div class=\"bdt-transition-fade bdt-position-cover bdt-overlay bdt-overlay-gradient\"><\/div>\n\t\t\t\t\t\t\t\t\t\t\t\t\t<\/div>\n\t\t\t\t\t\t\n\t\t\t\t\t\t\t<\/div>\n\t\t\t\t\t<div class=\"swiper-scrollbar\"><\/div>\n\t\t\t\t<\/div>\n\n\t\t\t\t\t\t\t\t\t\t\n\t\t<\/div>\n\n\t\t\t\t<\/div>\n\t\t\t\t<\/div>\n\t\t\t\t\t<\/div>\n\t\t<\/div>\n\t\t\t\t\t<\/div>\n\t\t<\/section>\n\t\t\t\t<section class=\"elementor-section elementor-top-section elementor-element elementor-element-bdbf3ba elementor-section-full_width scheme_dark elementor-section-height-default elementor-section-height-default\" data-id=\"bdbf3ba\" data-element_type=\"section\" data-e-type=\"section\">\n\t\t\t\t\t\t<div class=\"elementor-container elementor-column-gap-extended\">\n\t\t\t\t\t<div class=\"elementor-column elementor-col-100 elementor-top-column elementor-element elementor-element-66596b2 sc_inner_width_none sc_layouts_column_icons_position_left\" data-id=\"66596b2\" data-element_type=\"column\" data-e-type=\"column\">\n\t\t\t<div class=\"elementor-widget-wrap elementor-element-populated\">\n\t\t\t\t\t\t<div class=\"elementor-element elementor-element-44432bb sc_fly_static elementor-widget elementor-widget-spacer\" data-id=\"44432bb\" data-element_type=\"widget\" data-e-type=\"widget\" data-widget_type=\"spacer.default\">\n\t\t\t\t<div class=\"elementor-widget-container\">\n\t\t\t\t\t\t\t<div class=\"elementor-spacer\">\n\t\t\t<div class=\"elementor-spacer-inner\"><\/div>\n\t\t<\/div>\n\t\t\t\t\t\t<\/div>\n\t\t\t\t<\/div>\n\t\t\t\t\t<\/div>\n\t\t<\/div>\n\t\t\t\t\t<\/div>\n\t\t<\/section>\n\t\t\t\t<section class=\"elementor-section elementor-top-section elementor-element elementor-element-6ae8c4d elementor-section-boxed elementor-section-height-default elementor-section-height-default\" data-id=\"6ae8c4d\" data-element_type=\"section\" data-e-type=\"section\">\n\t\t\t\t\t\t<div class=\"elementor-container elementor-column-gap-extended\">\n\t\t\t\t\t<div class=\"elementor-column elementor-col-16 elementor-top-column elementor-element elementor-element-5433727 sc_inner_width_none sc_layouts_column_icons_position_left\" data-id=\"5433727\" data-element_type=\"column\" data-e-type=\"column\">\n\t\t\t<div class=\"elementor-widget-wrap\">\n\t\t\t\t\t\t\t<\/div>\n\t\t<\/div>\n\t\t\t\t<div class=\"elementor-column elementor-col-66 elementor-top-column elementor-element elementor-element-71b3129 sc_inner_width_none sc_layouts_column_icons_position_left\" data-id=\"71b3129\" data-element_type=\"column\" data-e-type=\"column\">\n\t\t\t<div class=\"elementor-widget-wrap elementor-element-populated\">\n\t\t\t\t\t\t<div class=\"elementor-element elementor-element-07eff01 sc_fly_static elementor-widget elementor-widget-heading\" data-id=\"07eff01\" data-element_type=\"widget\" data-e-type=\"widget\" data-settings=\"{&quot;_animation&quot;:&quot;none&quot;}\" data-widget_type=\"heading.default\">\n\t\t\t\t<div class=\"elementor-widget-container\">\n\t\t\t\t\t<h3 class=\"elementor-heading-title elementor-size-default\">Ustal\u0131kla haz\u0131rlanan <br> enfes lezzetler<\/h3>\t\t\t\t<\/div>\n\t\t\t\t<\/div>\n\t\t\t\t<div class=\"elementor-element elementor-element-db9878d sc_fly_static elementor-widget elementor-widget-spacer\" data-id=\"db9878d\" data-element_type=\"widget\" data-e-type=\"widget\" data-widget_type=\"spacer.default\">\n\t\t\t\t<div class=\"elementor-widget-container\">\n\t\t\t\t\t\t\t<div class=\"elementor-spacer\">\n\t\t\t<div class=\"elementor-spacer-inner\"><\/div>\n\t\t<\/div>\n\t\t\t\t\t\t<\/div>\n\t\t\t\t<\/div>\n\t\t\t\t<div class=\"elementor-element elementor-element-3e7c28e sc_fly_static elementor-widget elementor-widget-spacer\" data-id=\"3e7c28e\" data-element_type=\"widget\" data-e-type=\"widget\" data-widget_type=\"spacer.default\">\n\t\t\t\t<div class=\"elementor-widget-container\">\n\t\t\t\t\t\t\t<div class=\"elementor-spacer\">\n\t\t\t<div class=\"elementor-spacer-inner\"><\/div>\n\t\t<\/div>\n\t\t\t\t\t\t<\/div>\n\t\t\t\t<\/div>\n\t\t\t\t\t<\/div>\n\t\t<\/div>\n\t\t\t\t<div class=\"elementor-column elementor-col-16 elementor-top-column elementor-element elementor-element-d452ffe sc_inner_width_none sc_layouts_column_icons_position_left\" data-id=\"d452ffe\" data-element_type=\"column\" data-e-type=\"column\">\n\t\t\t<div class=\"elementor-widget-wrap\">\n\t\t\t\t\t\t\t<\/div>\n\t\t<\/div>\n\t\t\t\t\t<\/div>\n\t\t<\/section>\n\t\t\t\t<\/div>","protected":false},"excerpt":{"rendered":"<p>Torten Cheesecake Mono Torten Cup Milchkuchen Katmer K\u00fcnefe Baklava B\u00f6rek Simit Po\u011fa\u00e7a A\u00e7ma Handwerkliche K\u00f6stlichkeiten aus der T\u00fcrkei<\/p>","protected":false},"author":1,"featured_media":0,"parent":0,"menu_order":0,"comment_status":"closed","ping_status":"closed","template":"","meta":{"footnotes":""},"class_list":["post-391","page","type-page","status-publish","hentry"],"_links":{"self":[{"href":"https:\/\/frostmed.at\/tr\/wp-json\/wp\/v2\/pages\/391","targetHints":{"allow":["GET"]}}],"collection":[{"href":"https:\/\/frostmed.at\/tr\/wp-json\/wp\/v2\/pages"}],"about":[{"href":"https:\/\/frostmed.at\/tr\/wp-json\/wp\/v2\/types\/page"}],"author":[{"embeddable":true,"href":"https:\/\/frostmed.at\/tr\/wp-json\/wp\/v2\/users\/1"}],"replies":[{"embeddable":true,"href":"https:\/\/frostmed.at\/tr\/wp-json\/wp\/v2\/comments?post=391"}],"version-history":[{"count":0,"href":"https:\/\/frostmed.at\/tr\/wp-json\/wp\/v2\/pages\/391\/revisions"}],"wp:attachment":[{"href":"https:\/\/frostmed.at\/tr\/wp-json\/wp\/v2\/media?parent=391"}],"curies":[{"name":"wp","href":"https:\/\/api.w.org\/{rel}","templated":true}]}}